{"id":275,"date":"2020-01-29T20:46:13","date_gmt":"2020-01-30T02:46:13","guid":{"rendered":"https:\/\/mezcalsantafuga.com\/?page_id=275"},"modified":"2025-12-11T16:31:42","modified_gmt":"2025-12-11T22:31:42","slug":"nosotros","status":"publish","type":"page","link":"https:\/\/mezcalsantafuga.com\/en\/nosotros\/","title":{"rendered":"About us"},"content":{"rendered":"<div data-elementor-type=\"wp-page\" data-elementor-id=\"275\" class=\"elementor elementor-275\">\n\t\t\t\t\t\t<section class=\"elementor-section elementor-top-section elementor-element elementor-element-2dcd50f elementor-section-height-min-height elementor-section-content-bottom elementor-section-full_width elementor-section-stretched elementor-section-height-default elementor-section-items-middle\" data-id=\"2dcd50f\" data-element_type=\"section\" data-settings=\"{&quot;background_background&quot;:&quot;classic&quot;,&quot;stretch_section&quot;:&quot;section-stretched&quot;}\">\n\t\t\t\t\t\t<div class=\"elementor-container elementor-column-gap-no\">\n\t\t\t\t\t<div class=\"elementor-column elementor-col-50 elementor-top-column elementor-element elementor-element-47ebc47\" data-id=\"47ebc47\" data-element_type=\"column\" data-settings=\"{&quot;animation&quot;:&quot;none&quot;}\">\n\t\t\t<div class=\"elementor-widget-wrap elementor-element-populated\">\n\t\t\t\t\t\t<div class=\"elementor-element elementor-element-8dc7c94 elementor-invisible elementor-widget elementor-widget-heading\" data-id=\"8dc7c94\" data-element_type=\"widget\" data-settings=\"{&quot;_animation&quot;:&quot;fadeInUp&quot;,&quot;_animation_delay&quot;:100}\" data-widget_type=\"heading.default\">\n\t\t\t\t<div class=\"elementor-widget-container\">\n\t\t\t\t\t<h2 class=\"elementor-heading-title elementor-size-default\">Our identity in every single drop<\/h2>\t\t\t\t<\/div>\n\t\t\t\t<\/div>\n\t\t\t\t<div class=\"elementor-element elementor-element-e6b6f65 elementor-widget elementor-widget-heading\" data-id=\"e6b6f65\" data-element_type=\"widget\" data-widget_type=\"heading.default\">\n\t\t\t\t<div class=\"elementor-widget-container\">\n\t\t\t\t\t<span class=\"elementor-heading-title elementor-size-default\">Our mission is to offer the best Mezcal available in the region to satisfy the most demanding palates.<\/span>\t\t\t\t<\/div>\n\t\t\t\t<\/div>\n\t\t\t\t\t<\/div>\n\t\t<\/div>\n\t\t\t\t<div class=\"elementor-column elementor-col-50 elementor-top-column elementor-element elementor-element-914489a\" data-id=\"914489a\" data-element_type=\"column\">\n\t\t\t<div class=\"elementor-widget-wrap\">\n\t\t\t\t\t\t\t<\/div>\n\t\t<\/div>\n\t\t\t\t\t<\/div>\n\t\t<\/section>\n\t\t\t\t<section class=\"elementor-section elementor-top-section elementor-element elementor-element-784f239 elementor-section-boxed elementor-section-height-default elementor-section-height-default\" data-id=\"784f239\" data-element_type=\"section\">\n\t\t\t\t\t\t<div class=\"elementor-container elementor-column-gap-default\">\n\t\t\t\t\t<div class=\"elementor-column elementor-col-100 elementor-top-column elementor-element elementor-element-407d3cc\" data-id=\"407d3cc\" data-element_type=\"column\">\n\t\t\t<div class=\"elementor-widget-wrap elementor-element-populated\">\n\t\t\t\t\t\t<div class=\"elementor-element elementor-element-2190ffe elementor-widget elementor-widget-heading\" data-id=\"2190ffe\" data-element_type=\"widget\" data-widget_type=\"heading.default\">\n\t\t\t\t<div class=\"elementor-widget-container\">\n\t\t\t\t\t<h2 class=\"elementor-heading-title elementor-size-default\"><span>\u00ab <\/span>Ideal fusion between our loved land, traditions and love itself that make us want to write stories <span class=\"st\">\u00bb<\/span><\/h2>\t\t\t\t<\/div>\n\t\t\t\t<\/div>\n\t\t\t\t\t<\/div>\n\t\t<\/div>\n\t\t\t\t\t<\/div>\n\t\t<\/section>\n\t\t\t\t<section class=\"elementor-section elementor-top-section elementor-element elementor-element-02a6a44 elementor-section-full_width elementor-section-stretched elementor-section-height-default elementor-section-height-default\" data-id=\"02a6a44\" data-element_type=\"section\" data-settings=\"{&quot;stretch_section&quot;:&quot;section-stretched&quot;}\">\n\t\t\t\t\t\t<div class=\"elementor-container elementor-column-gap-no\">\n\t\t\t\t\t<div class=\"elementor-column elementor-col-50 elementor-top-column elementor-element elementor-element-a06c548\" data-id=\"a06c548\" data-element_type=\"column\">\n\t\t\t<div class=\"elementor-widget-wrap elementor-element-populated\">\n\t\t\t\t\t\t<div class=\"elementor-element elementor-element-e63e82e elementor-widget elementor-widget-image\" data-id=\"e63e82e\" data-element_type=\"widget\" data-widget_type=\"image.default\">\n\t\t\t\t<div class=\"elementor-widget-container\">\n\t\t\t\t\t\t\t\t\t\t\t\t\t\t\t<img fetchpriority=\"high\" decoding=\"async\" width=\"1024\" height=\"836\" src=\"https:\/\/mezcalsantafuga.com\/wp-content\/uploads\/2020\/02\/santa-fuga-nosotros-v2-1024x836.jpg\" class=\"attachment-large size-large wp-image-392\" alt=\"Nosotros Mezcal Santa Fuga\" srcset=\"https:\/\/mezcalsantafuga.com\/wp-content\/uploads\/2020\/02\/santa-fuga-nosotros-v2-1024x836.jpg 1024w, https:\/\/mezcalsantafuga.com\/wp-content\/uploads\/2020\/02\/santa-fuga-nosotros-v2-600x490.jpg 600w, https:\/\/mezcalsantafuga.com\/wp-content\/uploads\/2020\/02\/santa-fuga-nosotros-v2-300x245.jpg 300w, https:\/\/mezcalsantafuga.com\/wp-content\/uploads\/2020\/02\/santa-fuga-nosotros-v2-768x627.jpg 768w, https:\/\/mezcalsantafuga.com\/wp-content\/uploads\/2020\/02\/santa-fuga-nosotros-v2.jpg 1500w\" sizes=\"(max-width: 1024px) 100vw, 1024px\" \/>\t\t\t\t\t\t\t\t\t\t\t\t\t\t\t<\/div>\n\t\t\t\t<\/div>\n\t\t\t\t\t<\/div>\n\t\t<\/div>\n\t\t\t\t<div class=\"elementor-column elementor-col-50 elementor-top-column elementor-element elementor-element-436b06e\" data-id=\"436b06e\" data-element_type=\"column\">\n\t\t\t<div class=\"elementor-widget-wrap elementor-element-populated\">\n\t\t\t\t\t\t<div class=\"elementor-element elementor-element-a3e3579 elementor-widget elementor-widget-heading\" data-id=\"a3e3579\" data-element_type=\"widget\" data-widget_type=\"heading.default\">\n\t\t\t\t<div class=\"elementor-widget-container\">\n\t\t\t\t\t<h2 class=\"elementor-heading-title elementor-size-default\">Proudly elaborated by \"amigos mezcaleros\"<\/h2>\t\t\t\t<\/div>\n\t\t\t\t<\/div>\n\t\t\t\t<div class=\"elementor-element elementor-element-8968e0e elementor-widget elementor-widget-text-editor\" data-id=\"8968e0e\" data-element_type=\"widget\" data-widget_type=\"text-editor.default\">\n\t\t\t\t<div class=\"elementor-widget-container\">\n\t\t\t\t\t\t\t\t\t<p>Like every good story , Santa Fuga was born from unrelenting ties of friendship , shared stories, anecdotes and good times The origin of our Mezcal runs deep in the heart of Oaxaca. It is nourished and lives from it, its color and joy is reflected in each drop.<\/p><p>The dedication and commitment put into materializing our product are faithful witnesses of its quality. Mezcal Santa Fuga is a proud representative of its land and the stories that gave live to it.<\/p>\t\t\t\t\t\t\t\t<\/div>\n\t\t\t\t<\/div>\n\t\t\t\t\t<\/div>\n\t\t<\/div>\n\t\t\t\t\t<\/div>\n\t\t<\/section>\n\t\t\t\t<section class=\"elementor-section elementor-top-section elementor-element elementor-element-0d707cf elementor-section-full_width elementor-section-stretched elementor-section-height-default elementor-section-height-default\" data-id=\"0d707cf\" data-element_type=\"section\" data-settings=\"{&quot;background_background&quot;:&quot;classic&quot;,&quot;stretch_section&quot;:&quot;section-stretched&quot;}\">\n\t\t\t\t\t\t\t<div class=\"elementor-background-overlay\"><\/div>\n\t\t\t\t\t\t\t<div class=\"elementor-container elementor-column-gap-no\">\n\t\t\t\t\t<div class=\"elementor-column elementor-col-100 elementor-top-column elementor-element elementor-element-90bb832\" data-id=\"90bb832\" data-element_type=\"column\">\n\t\t\t<div class=\"elementor-widget-wrap elementor-element-populated\">\n\t\t\t\t\t\t<div class=\"elementor-element elementor-element-a30c163 elementor-widget elementor-widget-heading\" data-id=\"a30c163\" data-element_type=\"widget\" data-widget_type=\"heading.default\">\n\t\t\t\t<div class=\"elementor-widget-container\">\n\t\t\t\t\t<h2 class=\"elementor-heading-title elementor-size-default\"><span>\u00ab <\/span>Perfect catalyst between love and heartbreak <span class=\"st\">\u00bb<\/span><\/h2>\t\t\t\t<\/div>\n\t\t\t\t<\/div>\n\t\t\t\t\t<\/div>\n\t\t<\/div>\n\t\t\t\t\t<\/div>\n\t\t<\/section>\n\t\t\t\t<section class=\"elementor-section elementor-top-section elementor-element elementor-element-a9f5947 elementor-section-full_width elementor-section-stretched elementor-section-height-default elementor-section-height-default\" data-id=\"a9f5947\" data-element_type=\"section\" data-settings=\"{&quot;stretch_section&quot;:&quot;section-stretched&quot;}\">\n\t\t\t\t\t\t<div class=\"elementor-container elementor-column-gap-no\">\n\t\t\t\t\t<div class=\"elementor-column elementor-col-50 elementor-top-column elementor-element elementor-element-6956ade\" data-id=\"6956ade\" data-element_type=\"column\">\n\t\t\t<div class=\"elementor-widget-wrap elementor-element-populated\">\n\t\t\t\t\t\t<div class=\"elementor-element elementor-element-3323478 elementor-widget elementor-widget-heading\" data-id=\"3323478\" data-element_type=\"widget\" data-widget_type=\"heading.default\">\n\t\t\t\t<div class=\"elementor-widget-container\">\n\t\t\t\t\t<h2 class=\"elementor-heading-title elementor-size-default\">Generatios of passion and dedication came to live in our \"Maestros Mezcaleros\"<\/h2>\t\t\t\t<\/div>\n\t\t\t\t<\/div>\n\t\t\t\t<div class=\"elementor-element elementor-element-f9b5ab3 elementor-widget elementor-widget-text-editor\" data-id=\"f9b5ab3\" data-element_type=\"widget\" data-widget_type=\"text-editor.default\">\n\t\t\t\t<div class=\"elementor-widget-container\">\n\t\t\t\t\t\t\t\t\tOur \u201cMaestros Mezcaleros\u201d (Mezcal Masters) learned the art of making ancestral and artisanal Mezcal from their parents .Since they were young they have been listening to all the secrets to get the best product. In addition to this expertise, during the last years, they are required to get a chemical certification to be able to certify each manufactured batch of Mezcal, which is a guarantee for our consumers. This is the reason why we do not mix batches to obtain higher volumes, so our annual production is limited. In fact our presentation \u201cEnsamble\u201d only gets one and unique batch every year.\t\t\t\t\t\t\t\t<\/div>\n\t\t\t\t<\/div>\n\t\t\t\t\t<\/div>\n\t\t<\/div>\n\t\t\t\t<div class=\"elementor-column elementor-col-50 elementor-top-column elementor-element elementor-element-2b70e17\" data-id=\"2b70e17\" data-element_type=\"column\">\n\t\t\t<div class=\"elementor-widget-wrap elementor-element-populated\">\n\t\t\t\t\t\t<div class=\"elementor-element elementor-element-dae0dd4 elementor-widget elementor-widget-image\" data-id=\"dae0dd4\" data-element_type=\"widget\" data-widget_type=\"image.default\">\n\t\t\t\t<div class=\"elementor-widget-container\">\n\t\t\t\t\t\t\t\t\t\t\t\t\t\t\t<img decoding=\"async\" width=\"1024\" height=\"836\" data-src=\"https:\/\/mezcalsantafuga.com\/wp-content\/uploads\/2020\/02\/maestro-mezcalero-santa-fuga-1024x836.jpg\" class=\"attachment-large size-large wp-image-396 lazyload\" alt=\"\" data-srcset=\"https:\/\/mezcalsantafuga.com\/wp-content\/uploads\/2020\/02\/maestro-mezcalero-santa-fuga-1024x836.jpg 1024w, https:\/\/mezcalsantafuga.com\/wp-content\/uploads\/2020\/02\/maestro-mezcalero-santa-fuga-600x490.jpg 600w, https:\/\/mezcalsantafuga.com\/wp-content\/uploads\/2020\/02\/maestro-mezcalero-santa-fuga-300x245.jpg 300w, https:\/\/mezcalsantafuga.com\/wp-content\/uploads\/2020\/02\/maestro-mezcalero-santa-fuga-768x627.jpg 768w, https:\/\/mezcalsantafuga.com\/wp-content\/uploads\/2020\/02\/maestro-mezcalero-santa-fuga.jpg 1500w\" data-sizes=\"(max-width: 1024px) 100vw, 1024px\" src=\"data:image\/svg+xml;base64,PHN2ZyB3aWR0aD0iMSIgaGVpZ2h0PSIxIiB4bWxucz0iaHR0cDovL3d3dy53My5vcmcvMjAwMC9zdmciPjwvc3ZnPg==\" style=\"--smush-placeholder-width: 1024px; --smush-placeholder-aspect-ratio: 1024\/836;\" \/>\t\t\t\t\t\t\t\t\t\t\t\t\t\t\t<\/div>\n\t\t\t\t<\/div>\n\t\t\t\t\t<\/div>\n\t\t<\/div>\n\t\t\t\t\t<\/div>\n\t\t<\/section>\n\t\t\t\t<\/div>","protected":false},"excerpt":{"rendered":"<p>Nuestra identidad en cada gota Nuestra aspiraci\u00f3n es ofrecer el mejor mezcal de la regi\u00f3n para los paladares m\u00e1s exigentes. \u00ab Fusi\u00f3n id\u00f3nea entre el amor a la tierra, las tradiciones y los amores que nos llevan a escribir historias \u00bb Elaborado con esmero por amigos mezcaleros Santa Fuga nace como nacen las buenas historias, &#8230; <a title=\"About us\" class=\"read-more\" href=\"https:\/\/mezcalsantafuga.com\/en\/nosotros\/\" aria-label=\"Read more about Nosotros\">Read more<\/a><\/p>","protected":false},"author":1,"featured_media":0,"parent":0,"menu_order":0,"comment_status":"closed","ping_status":"closed","template":"elementor_header_footer","meta":{"footnotes":""},"class_list":["post-275","page","type-page","status-publish"],"_links":{"self":[{"href":"https:\/\/mezcalsantafuga.com\/en\/wp-json\/wp\/v2\/pages\/275","targetHints":{"allow":["GET"]}}],"collection":[{"href":"https:\/\/mezcalsantafuga.com\/en\/wp-json\/wp\/v2\/pages"}],"about":[{"href":"https:\/\/mezcalsantafuga.com\/en\/wp-json\/wp\/v2\/types\/page"}],"author":[{"embeddable":true,"href":"https:\/\/mezcalsantafuga.com\/en\/wp-json\/wp\/v2\/users\/1"}],"replies":[{"embeddable":true,"href":"https:\/\/mezcalsantafuga.com\/en\/wp-json\/wp\/v2\/comments?post=275"}],"version-history":[{"count":9,"href":"https:\/\/mezcalsantafuga.com\/en\/wp-json\/wp\/v2\/pages\/275\/revisions"}],"predecessor-version":[{"id":1208,"href":"https:\/\/mezcalsantafuga.com\/en\/wp-json\/wp\/v2\/pages\/275\/revisions\/1208"}],"wp:attachment":[{"href":"https:\/\/mezcalsantafuga.com\/en\/wp-json\/wp\/v2\/media?parent=275"}],"curies":[{"name":"wp","href":"https:\/\/api.w.org\/{rel}","templated":true}]}}