{"id":435,"date":"2020-05-27T17:14:50","date_gmt":"2020-05-27T22:14:50","guid":{"rendered":"https:\/\/mezcalsantafuga.com\/?page_id=435"},"modified":"2025-12-11T16:20:08","modified_gmt":"2025-12-11T22:20:08","slug":"espadin-artesanal","status":"publish","type":"page","link":"https:\/\/mezcalsantafuga.com\/en\/mezcales\/espadin-artesanal\/","title":{"rendered":"Espad\u00edn Artesanal"},"content":{"rendered":"<div data-elementor-type=\"wp-page\" data-elementor-id=\"435\" class=\"elementor elementor-435\">\n\t\t\t\t\t\t<section class=\"elementor-section elementor-top-section elementor-element elementor-element-2dcd50f elementor-section-height-min-height elementor-section-content-bottom elementor-section-full_width elementor-section-stretched elementor-section-height-default elementor-section-items-middle\" data-id=\"2dcd50f\" data-element_type=\"section\" data-settings=\"{&quot;background_background&quot;:&quot;classic&quot;,&quot;stretch_section&quot;:&quot;section-stretched&quot;}\">\n\t\t\t\t\t\t\t<div class=\"elementor-background-overlay\"><\/div>\n\t\t\t\t\t\t\t<div class=\"elementor-container elementor-column-gap-no\">\n\t\t\t\t\t<div class=\"elementor-column elementor-col-100 elementor-top-column elementor-element elementor-element-47ebc47\" data-id=\"47ebc47\" data-element_type=\"column\" data-settings=\"{&quot;animation&quot;:&quot;none&quot;}\">\n\t\t\t<div class=\"elementor-widget-wrap elementor-element-populated\">\n\t\t\t\t\t\t<div class=\"elementor-element elementor-element-8dc7c94 elementor-invisible elementor-widget elementor-widget-heading\" data-id=\"8dc7c94\" data-element_type=\"widget\" data-settings=\"{&quot;_animation&quot;:&quot;fadeInUp&quot;,&quot;_animation_delay&quot;:100}\" data-widget_type=\"heading.default\">\n\t\t\t\t<div class=\"elementor-widget-container\">\n\t\t\t\t\t<h2 class=\"elementor-heading-title elementor-size-default\">Espad\u00edn<\/h2>\t\t\t\t<\/div>\n\t\t\t\t<\/div>\n\t\t\t\t<div class=\"elementor-element elementor-element-dcd1fbf elementor-invisible elementor-widget elementor-widget-heading\" data-id=\"dcd1fbf\" data-element_type=\"widget\" data-settings=\"{&quot;_animation&quot;:&quot;fadeInUp&quot;,&quot;_animation_delay&quot;:100}\" data-widget_type=\"heading.default\">\n\t\t\t\t<div class=\"elementor-widget-container\">\n\t\t\t\t\t<h2 class=\"elementor-heading-title elementor-size-default\">Mezcal Artesanal<\/h2>\t\t\t\t<\/div>\n\t\t\t\t<\/div>\n\t\t\t\t\t<\/div>\n\t\t<\/div>\n\t\t\t\t\t<\/div>\n\t\t<\/section>\n\t\t\t\t<section class=\"elementor-section elementor-top-section elementor-element elementor-element-530ef39 elementor-section-boxed elementor-section-height-default elementor-section-height-default\" data-id=\"530ef39\" data-element_type=\"section\">\n\t\t\t\t\t\t<div class=\"elementor-container elementor-column-gap-default\">\n\t\t\t\t\t<div class=\"elementor-column elementor-col-50 elementor-top-column elementor-element elementor-element-0d659e5\" data-id=\"0d659e5\" data-element_type=\"column\">\n\t\t\t<div class=\"elementor-widget-wrap elementor-element-populated\">\n\t\t\t\t\t\t<div class=\"elementor-element elementor-element-79166e9 elementor-widget elementor-widget-image\" data-id=\"79166e9\" data-element_type=\"widget\" data-widget_type=\"image.default\">\n\t\t\t\t<div class=\"elementor-widget-container\">\n\t\t\t\t\t\t\t\t\t\t\t\t\t\t\t<img fetchpriority=\"high\" decoding=\"async\" width=\"1200\" height=\"1500\" src=\"https:\/\/mezcalsantafuga.com\/wp-content\/uploads\/2020\/12\/mezcal-santa-fuga-espadin-1.jpg\" class=\"attachment-full size-full wp-image-537\" alt=\"Mezcal Santa Fuga Espadin\" srcset=\"https:\/\/mezcalsantafuga.com\/wp-content\/uploads\/2020\/12\/mezcal-santa-fuga-espadin-1.jpg 1200w, https:\/\/mezcalsantafuga.com\/wp-content\/uploads\/2020\/12\/mezcal-santa-fuga-espadin-1-600x750.jpg 600w, https:\/\/mezcalsantafuga.com\/wp-content\/uploads\/2020\/12\/mezcal-santa-fuga-espadin-1-240x300.jpg 240w, https:\/\/mezcalsantafuga.com\/wp-content\/uploads\/2020\/12\/mezcal-santa-fuga-espadin-1-819x1024.jpg 819w, https:\/\/mezcalsantafuga.com\/wp-content\/uploads\/2020\/12\/mezcal-santa-fuga-espadin-1-768x960.jpg 768w\" sizes=\"(max-width: 1200px) 100vw, 1200px\" \/>\t\t\t\t\t\t\t\t\t\t\t\t\t\t\t<\/div>\n\t\t\t\t<\/div>\n\t\t\t\t\t<\/div>\n\t\t<\/div>\n\t\t\t\t<div class=\"elementor-column elementor-col-50 elementor-top-column elementor-element elementor-element-b85eaca\" data-id=\"b85eaca\" data-element_type=\"column\">\n\t\t\t<div class=\"elementor-widget-wrap elementor-element-populated\">\n\t\t\t\t\t\t<div class=\"elementor-element elementor-element-e0fc1a9 elementor-widget elementor-widget-text-editor\" data-id=\"e0fc1a9\" data-element_type=\"widget\" data-widget_type=\"text-editor.default\">\n\t\t\t\t<div class=\"elementor-widget-container\">\n\t\t\t\t\t\t\t\t\tFirm body with bright notes; Citric Aroma and lingering flavor of cooked agave and moist earth. Smooth and balanced taste. Clean and pleasant aftertaste.\t\t\t\t\t\t\t\t<\/div>\n\t\t\t\t<\/div>\n\t\t\t\t<div class=\"elementor-element elementor-element-479b219 elementor-widget elementor-widget-text-editor\" data-id=\"479b219\" data-element_type=\"widget\" data-widget_type=\"text-editor.default\">\n\t\t\t\t<div class=\"elementor-widget-container\">\n\t\t\t\t\t\t\t\t\t<ul><li><strong><span style=\"color: #842c3d;\">Region:<\/span><\/strong> Oaxaca, Santiago Matatl\u00e1n<\/li><li><strong><span style=\"color: #842c3d;\">Agave: <\/span><\/strong>Espad\u00edn<\/li><li><strong><span style=\"color: #842c3d;\">Agave Type:<\/span><\/strong> Angustifolia Haw<\/li><li><strong><span style=\"color: #842c3d;\">Oven Type:<\/span><\/strong> Conical Stone Oven<\/li><li><strong><span style=\"color: #842c3d;\">Wood Fire Type:<\/span><\/strong> Oak Wood<\/li><li><strong><span style=\"color: #842c3d;\">Type of Mill:<\/span><\/strong> Egyptian Mill<\/li><li><strong><span style=\"color: #842c3d;\">Fermentation Tub Type:<\/span><\/strong> Pine Wood Barrel<\/li><li><strong><span style=\"color: #842c3d;\">Destiller Type:<\/span><\/strong> Copper Alembic<\/li><li><strong><span style=\"color: #842c3d;\">Number of Destillations:<\/span><\/strong> 2 Destillations<\/li><\/ul>\t\t\t\t\t\t\t\t<\/div>\n\t\t\t\t<\/div>\n\t\t\t\t\t<\/div>\n\t\t<\/div>\n\t\t\t\t\t<\/div>\n\t\t<\/section>\n\t\t\t\t<section class=\"elementor-section elementor-top-section elementor-element elementor-element-99d7f95 elementor-section-boxed elementor-section-height-default elementor-section-height-default\" data-id=\"99d7f95\" data-element_type=\"section\" data-settings=\"{&quot;background_background&quot;:&quot;classic&quot;}\">\n\t\t\t\t\t\t\t<div class=\"elementor-background-overlay\"><\/div>\n\t\t\t\t\t\t\t<div class=\"elementor-container elementor-column-gap-wider\">\n\t\t\t\t\t<div class=\"elementor-column elementor-col-100 elementor-top-column elementor-element elementor-element-1804171\" data-id=\"1804171\" data-element_type=\"column\">\n\t\t\t<div class=\"elementor-widget-wrap\">\n\t\t\t\t\t\t\t<\/div>\n\t\t<\/div>\n\t\t\t\t\t<\/div>\n\t\t<\/section>\n\t\t\t\t<\/div>","protected":false},"excerpt":{"rendered":"<p>Espad\u00edn Mezcal Artesanal De cuerpo firme con tonos brillantes; aroma c\u00edtrico y sabor persistente de agave cocido y tierra h\u00fameda. Gusto suave y balanceado, fin de boca limpio y agradable. Estado y Zona: Oaxaca, Santiago Matatl\u00e1n Nombre del Maguey: Espad\u00edn Especie de agave: Angustifolia Haw Tipo de Horno: Horno c\u00f3nico de piedra Madera utilizada en &#8230; <a title=\"Espad\u00edn Artesanal\" class=\"read-more\" href=\"https:\/\/mezcalsantafuga.com\/en\/mezcales\/espadin-artesanal\/\" aria-label=\"Read more about Espad\u00edn Artesanal\">Read more<\/a><\/p>","protected":false},"author":1,"featured_media":0,"parent":471,"menu_order":0,"comment_status":"closed","ping_status":"closed","template":"elementor_header_footer","meta":{"footnotes":""},"class_list":["post-435","page","type-page","status-publish"],"_links":{"self":[{"href":"https:\/\/mezcalsantafuga.com\/en\/wp-json\/wp\/v2\/pages\/435","targetHints":{"allow":["GET"]}}],"collection":[{"href":"https:\/\/mezcalsantafuga.com\/en\/wp-json\/wp\/v2\/pages"}],"about":[{"href":"https:\/\/mezcalsantafuga.com\/en\/wp-json\/wp\/v2\/types\/page"}],"author":[{"embeddable":true,"href":"https:\/\/mezcalsantafuga.com\/en\/wp-json\/wp\/v2\/users\/1"}],"replies":[{"embeddable":true,"href":"https:\/\/mezcalsantafuga.com\/en\/wp-json\/wp\/v2\/comments?post=435"}],"version-history":[{"count":6,"href":"https:\/\/mezcalsantafuga.com\/en\/wp-json\/wp\/v2\/pages\/435\/revisions"}],"predecessor-version":[{"id":1196,"href":"https:\/\/mezcalsantafuga.com\/en\/wp-json\/wp\/v2\/pages\/435\/revisions\/1196"}],"up":[{"embeddable":true,"href":"https:\/\/mezcalsantafuga.com\/en\/wp-json\/wp\/v2\/pages\/471"}],"wp:attachment":[{"href":"https:\/\/mezcalsantafuga.com\/en\/wp-json\/wp\/v2\/media?parent=435"}],"curies":[{"name":"wp","href":"https:\/\/api.w.org\/{rel}","templated":true}]}}