{"id":458,"date":"2020-05-27T19:01:43","date_gmt":"2020-05-28T00:01:43","guid":{"rendered":"https:\/\/mezcalsantafuga.com\/?page_id=458"},"modified":"2025-12-11T16:22:03","modified_gmt":"2025-12-11T22:22:03","slug":"ensamble-artesanal","status":"publish","type":"page","link":"https:\/\/mezcalsantafuga.com\/en\/mezcales\/ensamble-artesanal\/","title":{"rendered":"Ensamble Artesanal"},"content":{"rendered":"<div data-elementor-type=\"wp-page\" data-elementor-id=\"458\" class=\"elementor elementor-458\">\n\t\t\t\t\t\t<section class=\"elementor-section elementor-top-section elementor-element elementor-element-2dcd50f elementor-section-height-min-height elementor-section-content-bottom elementor-section-full_width elementor-section-stretched elementor-section-height-default elementor-section-items-middle\" data-id=\"2dcd50f\" data-element_type=\"section\" data-settings=\"{&quot;background_background&quot;:&quot;classic&quot;,&quot;stretch_section&quot;:&quot;section-stretched&quot;}\">\n\t\t\t\t\t\t\t<div class=\"elementor-background-overlay\"><\/div>\n\t\t\t\t\t\t\t<div class=\"elementor-container elementor-column-gap-no\">\n\t\t\t\t\t<div class=\"elementor-column elementor-col-100 elementor-top-column elementor-element elementor-element-47ebc47\" data-id=\"47ebc47\" data-element_type=\"column\" data-settings=\"{&quot;animation&quot;:&quot;none&quot;}\">\n\t\t\t<div class=\"elementor-widget-wrap elementor-element-populated\">\n\t\t\t\t\t\t<div class=\"elementor-element elementor-element-8dc7c94 elementor-invisible elementor-widget elementor-widget-heading\" data-id=\"8dc7c94\" data-element_type=\"widget\" data-settings=\"{&quot;_animation&quot;:&quot;fadeInUp&quot;,&quot;_animation_delay&quot;:100}\" data-widget_type=\"heading.default\">\n\t\t\t\t<div class=\"elementor-widget-container\">\n\t\t\t\t\t<h2 class=\"elementor-heading-title elementor-size-default\">Ensamble Artesanal<\/h2>\t\t\t\t<\/div>\n\t\t\t\t<\/div>\n\t\t\t\t<div class=\"elementor-element elementor-element-6887e44 elementor-invisible elementor-widget elementor-widget-heading\" data-id=\"6887e44\" data-element_type=\"widget\" data-settings=\"{&quot;_animation&quot;:&quot;fadeInUp&quot;,&quot;_animation_delay&quot;:100}\" data-widget_type=\"heading.default\">\n\t\t\t\t<div class=\"elementor-widget-container\">\n\t\t\t\t\t<h2 class=\"elementor-heading-title elementor-size-default\">Mezcal Artesanal<\/h2>\t\t\t\t<\/div>\n\t\t\t\t<\/div>\n\t\t\t\t\t<\/div>\n\t\t<\/div>\n\t\t\t\t\t<\/div>\n\t\t<\/section>\n\t\t\t\t<section class=\"elementor-section elementor-top-section elementor-element elementor-element-530ef39 elementor-section-boxed elementor-section-height-default elementor-section-height-default\" data-id=\"530ef39\" data-element_type=\"section\">\n\t\t\t\t\t\t<div class=\"elementor-container elementor-column-gap-default\">\n\t\t\t\t\t<div class=\"elementor-column elementor-col-50 elementor-top-column elementor-element elementor-element-0d659e5\" data-id=\"0d659e5\" data-element_type=\"column\">\n\t\t\t<div class=\"elementor-widget-wrap elementor-element-populated\">\n\t\t\t\t\t\t<div class=\"elementor-element elementor-element-6ceeb6c elementor-widget elementor-widget-image\" data-id=\"6ceeb6c\" data-element_type=\"widget\" data-widget_type=\"image.default\">\n\t\t\t\t<div class=\"elementor-widget-container\">\n\t\t\t\t\t\t\t\t\t\t\t\t\t\t\t<img fetchpriority=\"high\" decoding=\"async\" width=\"1200\" height=\"1500\" src=\"https:\/\/mezcalsantafuga.com\/wp-content\/uploads\/2020\/12\/mezcal-santa-fuga-ensamble-1.jpg\" class=\"attachment-full size-full wp-image-536\" alt=\"Mezcal Santa Fuga Ensamble Artesanal\" srcset=\"https:\/\/mezcalsantafuga.com\/wp-content\/uploads\/2020\/12\/mezcal-santa-fuga-ensamble-1.jpg 1200w, https:\/\/mezcalsantafuga.com\/wp-content\/uploads\/2020\/12\/mezcal-santa-fuga-ensamble-1-600x750.jpg 600w, https:\/\/mezcalsantafuga.com\/wp-content\/uploads\/2020\/12\/mezcal-santa-fuga-ensamble-1-240x300.jpg 240w, https:\/\/mezcalsantafuga.com\/wp-content\/uploads\/2020\/12\/mezcal-santa-fuga-ensamble-1-819x1024.jpg 819w, https:\/\/mezcalsantafuga.com\/wp-content\/uploads\/2020\/12\/mezcal-santa-fuga-ensamble-1-768x960.jpg 768w\" sizes=\"(max-width: 1200px) 100vw, 1200px\" \/>\t\t\t\t\t\t\t\t\t\t\t\t\t\t\t<\/div>\n\t\t\t\t<\/div>\n\t\t\t\t\t<\/div>\n\t\t<\/div>\n\t\t\t\t<div class=\"elementor-column elementor-col-50 elementor-top-column elementor-element elementor-element-b85eaca\" data-id=\"b85eaca\" data-element_type=\"column\">\n\t\t\t<div class=\"elementor-widget-wrap elementor-element-populated\">\n\t\t\t\t\t\t<div class=\"elementor-element elementor-element-f4480b4 elementor-widget elementor-widget-heading\" data-id=\"f4480b4\" data-element_type=\"widget\" data-widget_type=\"heading.default\">\n\t\t\t\t<div class=\"elementor-widget-container\">\n\t\t\t\t\t<span class=\"elementor-heading-title elementor-size-default\"><span class=\"elementor-heading-title elementor-size-default elementor-inline-editing pen\" data-elementor-setting-key=\"title\" data-pen-placeholder=\"Teclea aqu\u00ed...\">Bright tones and persistent herbal notes with a woody hint and a mineral flavor. A permanent aroma of cooked agave, and a clean persistent and warm after taste.<\/span><\/span>\t\t\t\t<\/div>\n\t\t\t\t<\/div>\n\t\t\t\t<div class=\"elementor-element elementor-element-479b219 elementor-widget elementor-widget-text-editor\" data-id=\"479b219\" data-element_type=\"widget\" data-widget_type=\"text-editor.default\">\n\t\t\t\t<div class=\"elementor-widget-container\">\n\t\t\t\t\t\t\t\t\t<ul><li><span style=\"color: #3d7096;\"><strong>Region:<\/strong><\/span> Oaxaca, Xitlapehua Miahuatl\u00e1n de Porfirio D\u00edaz.<\/li><li><span style=\"color: #3d7096;\"><strong>Agave:<\/strong><\/span> Espad\u00edn, madrecuishe, arroque\u00f1o.<\/li><li><span style=\"color: #3d7096;\"><strong>Agave Type:<\/strong><\/span> Angustifolia Haw, karwinskii, Americana V. Oaxacensis.<\/li><li><span style=\"color: #3d7096;\"><strong>Oven Type:<\/strong><\/span> Conical Stone Oven<\/li><li><span style=\"color: #3d7096;\"><strong>Wood Fire Type:<\/strong><\/span> Oak Wood<\/li><li><span style=\"color: #3d7096;\"><strong>Type of Mill:<\/strong><\/span> Egyptian Mill<\/li><li><span style=\"color: #3d7096;\"><strong>Fermentation Tub Type:<\/strong><\/span> Pine Wood Barrel<\/li><li><span style=\"color: #3d7096;\"><strong>Destiller Type:<\/strong><\/span> Copper Alembic<\/li><li><span style=\"color: #3d7096;\"><strong>Number of Destillations:<\/strong><\/span> 2 Destillations<\/li><\/ul>\t\t\t\t\t\t\t\t<\/div>\n\t\t\t\t<\/div>\n\t\t\t\t\t<\/div>\n\t\t<\/div>\n\t\t\t\t\t<\/div>\n\t\t<\/section>\n\t\t\t\t<section class=\"elementor-section elementor-top-section elementor-element elementor-element-99d7f95 elementor-section-boxed elementor-section-height-default elementor-section-height-default\" data-id=\"99d7f95\" data-element_type=\"section\" data-settings=\"{&quot;background_background&quot;:&quot;classic&quot;}\">\n\t\t\t\t\t\t\t<div class=\"elementor-background-overlay\"><\/div>\n\t\t\t\t\t\t\t<div class=\"elementor-container elementor-column-gap-wider\">\n\t\t\t\t\t<div class=\"elementor-column elementor-col-100 elementor-top-column elementor-element elementor-element-8726c7b\" data-id=\"8726c7b\" data-element_type=\"column\">\n\t\t\t<div class=\"elementor-widget-wrap\">\n\t\t\t\t\t\t\t<\/div>\n\t\t<\/div>\n\t\t\t\t\t<\/div>\n\t\t<\/section>\n\t\t\t\t<\/div>","protected":false},"excerpt":{"rendered":"<p>Ensamble Artesanal Mezcal Artesanal Con tonos brillantes, con notas herbales persistentes, con un dejo amaderado, sabor mineral, con aroma permanente a agave cocido, con gusto limpio, persistente y c\u00e1lido prolongado. Estado y Zona: Oaxaca, Xitlapehua Miahuatl\u00e1n de Porfirio D\u00edaz. Nombre del Maguey: Espad\u00edn, madrecuishe, arroque\u00f1o. Especie de agave: Angustifolia Haw, karwinskii, Americana V. Oaxacensis. Tipo &#8230; <a title=\"Ensamble Artesanal\" class=\"read-more\" href=\"https:\/\/mezcalsantafuga.com\/en\/mezcales\/ensamble-artesanal\/\" aria-label=\"Read more about Ensamble Artesanal\">Read more<\/a><\/p>","protected":false},"author":1,"featured_media":0,"parent":471,"menu_order":0,"comment_status":"closed","ping_status":"closed","template":"elementor_header_footer","meta":{"footnotes":""},"class_list":["post-458","page","type-page","status-publish"],"_links":{"self":[{"href":"https:\/\/mezcalsantafuga.com\/en\/wp-json\/wp\/v2\/pages\/458","targetHints":{"allow":["GET"]}}],"collection":[{"href":"https:\/\/mezcalsantafuga.com\/en\/wp-json\/wp\/v2\/pages"}],"about":[{"href":"https:\/\/mezcalsantafuga.com\/en\/wp-json\/wp\/v2\/types\/page"}],"author":[{"embeddable":true,"href":"https:\/\/mezcalsantafuga.com\/en\/wp-json\/wp\/v2\/users\/1"}],"replies":[{"embeddable":true,"href":"https:\/\/mezcalsantafuga.com\/en\/wp-json\/wp\/v2\/comments?post=458"}],"version-history":[{"count":9,"href":"https:\/\/mezcalsantafuga.com\/en\/wp-json\/wp\/v2\/pages\/458\/revisions"}],"predecessor-version":[{"id":1199,"href":"https:\/\/mezcalsantafuga.com\/en\/wp-json\/wp\/v2\/pages\/458\/revisions\/1199"}],"up":[{"embeddable":true,"href":"https:\/\/mezcalsantafuga.com\/en\/wp-json\/wp\/v2\/pages\/471"}],"wp:attachment":[{"href":"https:\/\/mezcalsantafuga.com\/en\/wp-json\/wp\/v2\/media?parent=458"}],"curies":[{"name":"wp","href":"https:\/\/api.w.org\/{rel}","templated":true}]}}