{"id":550,"date":"2020-12-01T19:49:23","date_gmt":"2020-12-02T01:49:23","guid":{"rendered":"https:\/\/mezcalsantafuga.com\/?page_id=550"},"modified":"2025-12-11T16:25:03","modified_gmt":"2025-12-11T22:25:03","slug":"jabali-mezcal-ancestral","status":"publish","type":"page","link":"https:\/\/mezcalsantafuga.com\/en\/mezcales\/jabali-mezcal-ancestral\/","title":{"rendered":"Jabal\u00ed Ancestral"},"content":{"rendered":"<div data-elementor-type=\"wp-page\" data-elementor-id=\"550\" class=\"elementor elementor-550\">\n\t\t\t\t\t\t<section class=\"elementor-section elementor-top-section elementor-element elementor-element-2dcd50f elementor-section-height-min-height elementor-section-content-bottom elementor-section-full_width elementor-section-stretched elementor-section-height-default elementor-section-items-middle\" data-id=\"2dcd50f\" data-element_type=\"section\" data-settings=\"{&quot;background_background&quot;:&quot;classic&quot;,&quot;stretch_section&quot;:&quot;section-stretched&quot;}\">\n\t\t\t\t\t\t\t<div class=\"elementor-background-overlay\"><\/div>\n\t\t\t\t\t\t\t<div class=\"elementor-container elementor-column-gap-no\">\n\t\t\t\t\t<div class=\"elementor-column elementor-col-100 elementor-top-column elementor-element elementor-element-47ebc47\" data-id=\"47ebc47\" data-element_type=\"column\" data-settings=\"{&quot;animation&quot;:&quot;none&quot;}\">\n\t\t\t<div class=\"elementor-widget-wrap elementor-element-populated\">\n\t\t\t\t\t\t<div class=\"elementor-element elementor-element-8dc7c94 elementor-invisible elementor-widget elementor-widget-heading\" data-id=\"8dc7c94\" data-element_type=\"widget\" data-settings=\"{&quot;_animation&quot;:&quot;fadeInUp&quot;,&quot;_animation_delay&quot;:100}\" data-widget_type=\"heading.default\">\n\t\t\t\t<div class=\"elementor-widget-container\">\n\t\t\t\t\t<h2 class=\"elementor-heading-title elementor-size-default\">Jabal\u00ed<\/h2>\t\t\t\t<\/div>\n\t\t\t\t<\/div>\n\t\t\t\t<div class=\"elementor-element elementor-element-dcd1fbf elementor-invisible elementor-widget elementor-widget-heading\" data-id=\"dcd1fbf\" data-element_type=\"widget\" data-settings=\"{&quot;_animation&quot;:&quot;fadeInUp&quot;,&quot;_animation_delay&quot;:100}\" data-widget_type=\"heading.default\">\n\t\t\t\t<div class=\"elementor-widget-container\">\n\t\t\t\t\t<h2 class=\"elementor-heading-title elementor-size-default\">Mezcal Artesanal<\/h2>\t\t\t\t<\/div>\n\t\t\t\t<\/div>\n\t\t\t\t\t<\/div>\n\t\t<\/div>\n\t\t\t\t\t<\/div>\n\t\t<\/section>\n\t\t\t\t<section class=\"elementor-section elementor-top-section elementor-element elementor-element-530ef39 elementor-section-boxed elementor-section-height-default elementor-section-height-default\" data-id=\"530ef39\" data-element_type=\"section\">\n\t\t\t\t\t\t<div class=\"elementor-container elementor-column-gap-default\">\n\t\t\t\t\t<div class=\"elementor-column elementor-col-50 elementor-top-column elementor-element elementor-element-0d659e5\" data-id=\"0d659e5\" data-element_type=\"column\">\n\t\t\t<div class=\"elementor-widget-wrap elementor-element-populated\">\n\t\t\t\t\t\t<div class=\"elementor-element elementor-element-79166e9 elementor-widget elementor-widget-image\" data-id=\"79166e9\" data-element_type=\"widget\" data-widget_type=\"image.default\">\n\t\t\t\t<div class=\"elementor-widget-container\">\n\t\t\t\t\t\t\t\t\t\t\t\t\t\t\t<img fetchpriority=\"high\" decoding=\"async\" width=\"1200\" height=\"1500\" src=\"https:\/\/mezcalsantafuga.com\/wp-content\/uploads\/2020\/12\/mezcal-santa-fuga-jabali-1.jpg\" class=\"attachment-full size-full wp-image-535\" alt=\"Mezcal Santa Fuga Jabali\" srcset=\"https:\/\/mezcalsantafuga.com\/wp-content\/uploads\/2020\/12\/mezcal-santa-fuga-jabali-1.jpg 1200w, https:\/\/mezcalsantafuga.com\/wp-content\/uploads\/2020\/12\/mezcal-santa-fuga-jabali-1-600x750.jpg 600w, https:\/\/mezcalsantafuga.com\/wp-content\/uploads\/2020\/12\/mezcal-santa-fuga-jabali-1-240x300.jpg 240w, https:\/\/mezcalsantafuga.com\/wp-content\/uploads\/2020\/12\/mezcal-santa-fuga-jabali-1-819x1024.jpg 819w, https:\/\/mezcalsantafuga.com\/wp-content\/uploads\/2020\/12\/mezcal-santa-fuga-jabali-1-768x960.jpg 768w\" sizes=\"(max-width: 1200px) 100vw, 1200px\" \/>\t\t\t\t\t\t\t\t\t\t\t\t\t\t\t<\/div>\n\t\t\t\t<\/div>\n\t\t\t\t\t<\/div>\n\t\t<\/div>\n\t\t\t\t<div class=\"elementor-column elementor-col-50 elementor-top-column elementor-element elementor-element-b85eaca\" data-id=\"b85eaca\" data-element_type=\"column\">\n\t\t\t<div class=\"elementor-widget-wrap elementor-element-populated\">\n\t\t\t\t\t\t<div class=\"elementor-element elementor-element-e0fc1a9 elementor-widget elementor-widget-text-editor\" data-id=\"e0fc1a9\" data-element_type=\"widget\" data-widget_type=\"text-editor.default\">\n\t\t\t\t<div class=\"elementor-widget-container\">\n\t\t\t\t\t\t\t\t\t<p>Smooth bodied with platinum tones. Citric aroma with lingering notes of wild flowers and moist soil. Smooth balanced taste, Agave aroma with light nuances of vanilla and lime. Clean and smooth after taste<\/p>\t\t\t\t\t\t\t\t<\/div>\n\t\t\t\t<\/div>\n\t\t\t\t<div class=\"elementor-element elementor-element-479b219 elementor-widget elementor-widget-text-editor\" data-id=\"479b219\" data-element_type=\"widget\" data-widget_type=\"text-editor.default\">\n\t\t\t\t<div class=\"elementor-widget-container\">\n\t\t\t\t\t\t\t\t\t<ul><li><span style=\"color: #70a19d;\"><strong>Region:<\/strong><\/span> Oaxaca, San Pablo Huixtepec , Zimatl\u00e1n.<\/li><li><span style=\"color: #70a19d;\"><strong>Agave:\u00a0<\/strong><\/span>Jabal\u00ed<\/li><li><span style=\"color: #70a19d;\"><strong>Agave Type:<\/strong>\u00a0<\/span>Convallis<\/li><li><span style=\"color: #70a19d;\"><strong>Oven Type:<\/strong><\/span> Conical Stone Oven<\/li><li><span style=\"color: #70a19d;\"><strong>Wood Fire Type:<\/strong><\/span> Oak Wood<\/li><li><span style=\"color: #70a19d;\"><strong>Type of Mill:<\/strong><\/span> Egyptian Mill<\/li><li><span style=\"color: #70a19d;\"><strong>Fermentation Tub Type:<\/strong> <\/span>Pine Wood Barrel<\/li><li><span style=\"color: #70a19d;\"><strong>Destiller Type:<\/strong><\/span> Clay Pot<\/li><li><span style=\"color: #70a19d;\"><strong>Number of Destillations:<\/strong> <\/span>2 Destillations<\/li><\/ul>\t\t\t\t\t\t\t\t<\/div>\n\t\t\t\t<\/div>\n\t\t\t\t\t<\/div>\n\t\t<\/div>\n\t\t\t\t\t<\/div>\n\t\t<\/section>\n\t\t\t\t<section class=\"elementor-section elementor-top-section elementor-element elementor-element-99d7f95 elementor-section-boxed elementor-section-height-default elementor-section-height-default\" data-id=\"99d7f95\" data-element_type=\"section\" data-settings=\"{&quot;background_background&quot;:&quot;classic&quot;}\">\n\t\t\t\t\t\t\t<div class=\"elementor-background-overlay\"><\/div>\n\t\t\t\t\t\t\t<div class=\"elementor-container elementor-column-gap-wider\">\n\t\t\t\t\t<div class=\"elementor-column elementor-col-100 elementor-top-column elementor-element elementor-element-1804171\" data-id=\"1804171\" data-element_type=\"column\">\n\t\t\t<div class=\"elementor-widget-wrap\">\n\t\t\t\t\t\t\t<\/div>\n\t\t<\/div>\n\t\t\t\t\t<\/div>\n\t\t<\/section>\n\t\t\t\t<\/div>","protected":false},"excerpt":{"rendered":"<p>Jabal\u00ed Mezcal Artesanal De cuerpo suave con tonos platinos brillantes; aroma c\u00edtrico, con notas persistentes de flores silvestres y tierra h\u00fameda. Gusto suave, terso y balanceado, aroma a Agave, con matices ligeros de vainilla, lima. Fin de boca limpio, delicado terso. Estado y Zona: Oaxaca, San Pablo Huixtepec , Zimatl\u00e1n. Nombre del Maguey:\u00a0Jabal\u00ed Especie de &#8230; <a title=\"Jabal\u00ed Ancestral\" class=\"read-more\" href=\"https:\/\/mezcalsantafuga.com\/en\/mezcales\/jabali-mezcal-ancestral\/\" aria-label=\"Read more about Jabal\u00ed Ancestral\">Read more<\/a><\/p>","protected":false},"author":1,"featured_media":0,"parent":471,"menu_order":0,"comment_status":"closed","ping_status":"closed","template":"elementor_header_footer","meta":{"footnotes":""},"class_list":["post-550","page","type-page","status-publish"],"_links":{"self":[{"href":"https:\/\/mezcalsantafuga.com\/en\/wp-json\/wp\/v2\/pages\/550","targetHints":{"allow":["GET"]}}],"collection":[{"href":"https:\/\/mezcalsantafuga.com\/en\/wp-json\/wp\/v2\/pages"}],"about":[{"href":"https:\/\/mezcalsantafuga.com\/en\/wp-json\/wp\/v2\/types\/page"}],"author":[{"embeddable":true,"href":"https:\/\/mezcalsantafuga.com\/en\/wp-json\/wp\/v2\/users\/1"}],"replies":[{"embeddable":true,"href":"https:\/\/mezcalsantafuga.com\/en\/wp-json\/wp\/v2\/comments?post=550"}],"version-history":[{"count":12,"href":"https:\/\/mezcalsantafuga.com\/en\/wp-json\/wp\/v2\/pages\/550\/revisions"}],"predecessor-version":[{"id":1205,"href":"https:\/\/mezcalsantafuga.com\/en\/wp-json\/wp\/v2\/pages\/550\/revisions\/1205"}],"up":[{"embeddable":true,"href":"https:\/\/mezcalsantafuga.com\/en\/wp-json\/wp\/v2\/pages\/471"}],"wp:attachment":[{"href":"https:\/\/mezcalsantafuga.com\/en\/wp-json\/wp\/v2\/media?parent=550"}],"curies":[{"name":"wp","href":"https:\/\/api.w.org\/{rel}","templated":true}]}}